{"id":114,"date":"2024-02-09T16:09:41","date_gmt":"2024-02-09T15:09:41","guid":{"rendered":"https:\/\/cbdcentralepro.fr\/?page_id=114"},"modified":"2024-02-09T17:57:10","modified_gmt":"2024-02-09T16:57:10","slug":"offres-demplois-partenariats","status":"publish","type":"page","link":"https:\/\/cbdcentralepro.fr\/index.php\/offres-demplois-partenariats\/","title":{"rendered":"Offres d&#8217;emploi, partenariats"},"content":{"rendered":"\n<h4 class=\"wp-block-heading\"><strong>CBD Centrale Pro recrute<\/strong><\/h4>\n\n\n\n<p>CBD Centrale Pro fournit des solutions de ventes et des produits de qualit\u00e9s sur un march\u00e9 en d\u00e9veloppement.<\/p>\n\n\n\n<p><strong>Manager (ventes et logistique)<\/strong><\/p>\n\n\n\n<p>Responsabilit\u00e9s<br>Vous \u00eates en charge de la constitution et de la gestion des stocks, vous supervisez la logistique et assurez les ventes via des applications d\u00e9di\u00e9es \u00e0 la livraison &#8220;express&#8221; \u00e0 domicile.<\/p>\n\n\n\n<p>Pr\u00e9requis (qualifications-savoir \u00eatre):<br>Avoir l&#8217;esprit d&#8217;entreprise et l&#8217;envie de d\u00e9velopper une activit\u00e9 sur un secteur rentable et dynamique. Avoir les connaissances n\u00e9cessaires pour g\u00e9rer une entreprise.<\/p>\n\n\n\n<p>R\u00e9mun\u00e9ration: vos revenus sont calcul\u00e9s selon la quantit\u00e9 de stock que vous g\u00e9rez (jusqu&#8217;\u00e0 8000\u20ac\/mois brut en cas de bonne gestion). <\/p>\n\n\n\n<p class=\"has-text-align-center\">Lieux de recrutement pour ce poste:<\/p>\n\n\n\n<h2 class=\"wp-block-heading has-text-align-center\">Neuilly-sur-Seine, Vincennes<\/h2>\n\n\n\n<div class=\"wp-block-buttons is-content-justification-center is-layout-flex wp-container-core-buttons-is-layout-1 wp-block-buttons-is-layout-flex\">\n<div class=\"wp-block-button\"><a class=\"wp-block-button__link has-text-align-center wp-element-button\" href=\"https:\/\/cbdcentralepro.fr\/index.php\/offres-demplois-partenariats\/#postuler\">Postuler pour ce poste<\/a><\/div>\n<\/div>\n\n\n\n<div style=\"height:60px\" aria-hidden=\"true\" class=\"wp-block-spacer\"><\/div>\n\n\n\n<p><strong>Commercial en B to B<\/strong><\/p>\n\n\n\n<p>Responsabilit\u00e9s<\/p>\n\n\n\n<p>Vous \u00eates en charge de la vente en gros ou semi-gros de produits haut de gamme dans le secteur du CBD. Vous listez et d\u00e9marchez des prospects professionnels (buralistes, CBD shops&#8230;) afin d&#8217;obtenir des contrats de ventes. <\/p>\n\n\n\n<p>R\u00e9mun\u00e9ration: vos revenus sont calcul\u00e9s selon les ventes que vous g\u00e9n\u00e9rez (jusqu&#8217;\u00e0 12 000\u20ac\/mois brut en cas de bons r\u00e9sultats).<\/p>\n\n\n\n<p class=\"has-text-align-center\">Lieux de recrutement pour ce poste:<\/p>\n\n\n\n<p>Bretagne, Aquitaine (r\u00e9gion de <strong>Bordeaux<\/strong>), Provence (r\u00e9gion de <strong>Nice<\/strong>), Occitanie (r\u00e9gion de <strong>Toulouse <\/strong>et <strong>Montpellier<\/strong>), Rh\u00f4ne (r\u00e9gion de <strong>Lyon<\/strong>)<\/p>\n\n\n\n<div style=\"height:45px\" aria-hidden=\"true\" class=\"wp-block-spacer\"><\/div>\n\n\n\n<p id=\"postuler\">D\u00e9posez votre candidature:<\/p>\n\n\n<div class=\"wp-block-jetpack-contact-form\"><a href=\"https:\/\/cbdcentralepro.fr\/index.php\/offres-demplois-partenariats\/\" target=\"_blank\" rel=\"noopener noreferrer\">Submit a form.<\/a><\/div>","protected":false},"excerpt":{"rendered":"<p>CBD Centrale Pro recrute CBD Centrale Pro fournit des solutions de ventes et des produits de qualit\u00e9s sur un march\u00e9 en d\u00e9veloppement. Manager (ventes et logistique) Responsabilit\u00e9sVous \u00eates en charge de la constitution et de la gestion des stocks, vous supervisez la logistique et assurez les ventes via des applications d\u00e9di\u00e9es \u00e0 la livraison &#8220;express&#8221; [&hellip;]<\/p>\n","protected":false},"author":1,"featured_media":0,"parent":0,"menu_order":0,"comment_status":"closed","ping_status":"closed","template":"","meta":{"footnotes":""},"class_list":["post-114","page","type-page","status-publish","hentry","entry","owp-thumbs-layout-horizontal","owp-btn-normal","owp-tabs-layout-horizontal","has-no-thumbnails","has-product-nav"],"aioseo_notices":[],"jetpack_sharing_enabled":true,"_links":{"self":[{"href":"https:\/\/cbdcentralepro.fr\/index.php\/wp-json\/wp\/v2\/pages\/114","targetHints":{"allow":["GET"]}}],"collection":[{"href":"https:\/\/cbdcentralepro.fr\/index.php\/wp-json\/wp\/v2\/pages"}],"about":[{"href":"https:\/\/cbdcentralepro.fr\/index.php\/wp-json\/wp\/v2\/types\/page"}],"author":[{"embeddable":true,"href":"https:\/\/cbdcentralepro.fr\/index.php\/wp-json\/wp\/v2\/users\/1"}],"replies":[{"embeddable":true,"href":"https:\/\/cbdcentralepro.fr\/index.php\/wp-json\/wp\/v2\/comments?post=114"}],"version-history":[{"count":15,"href":"https:\/\/cbdcentralepro.fr\/index.php\/wp-json\/wp\/v2\/pages\/114\/revisions"}],"predecessor-version":[{"id":136,"href":"https:\/\/cbdcentralepro.fr\/index.php\/wp-json\/wp\/v2\/pages\/114\/revisions\/136"}],"wp:attachment":[{"href":"https:\/\/cbdcentralepro.fr\/index.php\/wp-json\/wp\/v2\/media?parent=114"}],"curies":[{"name":"wp","href":"https:\/\/api.w.org\/{rel}","templated":true}]}}