{"id":274,"date":"2024-06-25T17:49:59","date_gmt":"2024-06-25T15:49:59","guid":{"rendered":"https:\/\/cbdcentralepro.fr\/?page_id=274"},"modified":"2024-06-25T18:00:58","modified_gmt":"2024-06-25T16:00:58","slug":"conserver-du-cbd-fleurs-resine-et-huile","status":"publish","type":"page","link":"https:\/\/cbdcentralepro.fr\/index.php\/conserver-du-cbd-fleurs-resine-et-huile\/","title":{"rendered":"Conserver du CBD : Fleurs, R\u00e9sine et Huile"},"content":{"rendered":"\n<p>La <strong>conservation <\/strong>du <strong>CBD <\/strong>sous ses diff\u00e9rentes formes: <strong>fleurs<\/strong>, <strong>r\u00e9sine <\/strong>ou <strong>huile <\/strong>est essentielle pour maintenir la qualit\u00e9, la puissance et la saveur des produits. Une bonne conservation permet \u00e9galement de prolonger la dur\u00e9e de vie du CBD, \u00e9vitant ainsi le gaspillage. Voici quelques conseils pratiques pour bien conserver vos produits \u00e0 base de CBD.<\/p>\n\n\n\n<h2 class=\"wp-block-heading\">Conservation des Fleurs et R\u00e9sines de CBD<\/h2>\n\n\n\n<h3 class=\"wp-block-heading\">Utiliser un sachet opaque de type Doypack<\/h3>\n\n\n\n<p>Pour les fleurs et r\u00e9sines de CBD, il est crucial de les conserver dans des conditions optimales pour \u00e9viter la d\u00e9gradation due \u00e0 la lumi\u00e8re, \u00e0 l&#8217;air et \u00e0 l&#8217;humidit\u00e9. Les sachets opaques de type Doypack sont une excellente solution pour cela. Ces sachets :<\/p>\n\n\n\n<ul class=\"wp-block-list\">\n<li><strong>Prot\u00e8gent de la lumi\u00e8re<\/strong> : Les rayons UV peuvent d\u00e9grader les cannabino\u00efdes et les terp\u00e8nes, affectant ainsi la qualit\u00e9 et l&#8217;efficacit\u00e9 du produit.<\/li>\n\n\n\n<li><strong>Assurent une fermeture herm\u00e9tique<\/strong> : Ils emp\u00eachent l&#8217;air et l&#8217;humidit\u00e9 de p\u00e9n\u00e9trer, ce qui est crucial pour \u00e9viter la moisissure et la perte de puissance.<\/li>\n<\/ul>\n\n\n\n<h3 class=\"wp-block-heading\">Conservation en Vrac dans des Bocaux<\/h3>\n\n\n\n<p>Pour les CBD shops qui vendent des fleurs de CBD en vrac, il est fr\u00e9quent d&#8217;utiliser des bocaux en verre. Cependant, ces bocaux doivent \u00eatre correctement stock\u00e9s pour pr\u00e9server la qualit\u00e9 du CBD :<\/p>\n\n\n\n<ul class=\"wp-block-list\">\n<li><strong>Garder les bocaux dans un placard<\/strong> : Les bocaux doivent \u00eatre plac\u00e9s \u00e0 l&#8217;abri de la lumi\u00e8re directe. Un placard ou une armoire ferm\u00e9e est id\u00e9al.<\/li>\n\n\n\n<li><strong>\u00c9viter l&#8217;humidit\u00e9<\/strong> : L&#8217;humidit\u00e9 est l&#8217;ennemi des fleurs de CBD. Assurez-vous que le lieu de stockage est sec pour pr\u00e9venir la formation de moisissures.<\/li>\n<\/ul>\n\n\n\n<p>Si vous souhaitez toutefois pr\u00e9senter vos fleurs stock\u00e9s dans les bocaux, CBD Centrale Pro vous sugg\u00e8re de placer des \u00e9chantillons (exemple: une ou deux t\u00eates de fleurs) dans un petit pot afin de pouvoir garder l&#8217;essentiel de votte stock \u00e0 l&#8217;abris de la lumi\u00e8re.<\/p>\n\n\n<div class=\"wp-block-image\">\n<figure class=\"aligncenter size-medium is-resized\"><img loading=\"lazy\" decoding=\"async\" width=\"300\" height=\"200\" src=\"https:\/\/cbdcentralepro.fr\/wp-content\/uploads\/2024\/06\/cannabis-medical-300x200.webp\" alt=\"\" class=\"wp-image-277\" style=\"aspect-ratio:1.5;width:447px;height:auto\" srcset=\"https:\/\/cbdcentralepro.fr\/wp-content\/uploads\/2024\/06\/cannabis-medical-300x200.webp 300w, https:\/\/cbdcentralepro.fr\/wp-content\/uploads\/2024\/06\/cannabis-medical-768x512.webp 768w, https:\/\/cbdcentralepro.fr\/wp-content\/uploads\/2024\/06\/cannabis-medical-600x400.webp 600w, https:\/\/cbdcentralepro.fr\/wp-content\/uploads\/2024\/06\/cannabis-medical.webp 1024w\" sizes=\"auto, (max-width: 300px) 100vw, 300px\" \/><\/figure><\/div>\n\n\n<div style=\"height:30px\" aria-hidden=\"true\" class=\"wp-block-spacer\"><\/div>\n\n\n\n<h3 class=\"wp-block-heading\">Dur\u00e9e de Conservation<\/h3>\n\n\n\n<ul class=\"wp-block-list\">\n<li><strong>Fleurs de CBD<\/strong> : Lorsqu&#8217;elles sont correctement stock\u00e9es dans des conditions optimales, les fleurs de CBD peuvent se conserver jusqu&#8217;\u00e0 huit mois. Pass\u00e9 ce d\u00e9lai, elles peuvent commencer \u00e0 perdre leur puissance et leur saveur.<\/li>\n\n\n\n<li><strong>R\u00e9sine de CBD<\/strong> : La r\u00e9sine de CBD a une dur\u00e9e de conservation d&#8217;un an, si elle est conserv\u00e9e dans des bonnes conditions (exemple: sachets opaques et herm\u00e9tiques).<\/li>\n<\/ul>\n\n\n\n<h2 class=\"wp-block-heading\">Conservation de l&#8217;Huile de CBD<\/h2>\n\n\n\n<h3 class=\"wp-block-heading\">Stockage \u00e0 l&#8217;Abri de la Lumi\u00e8re et de la Chaleur<\/h3>\n\n\n\n<p>L&#8217;huile de CBD est plus sensible \u00e0 la d\u00e9gradation que les fleurs et la r\u00e9sine. Voici quelques conseils pour la conserver correctement :<\/p>\n\n\n\n<ul class=\"wp-block-list\">\n<li><strong>Utiliser des flacons opaques<\/strong> : Les huiles de CBD sont souvent vendues dans des flacons en verre ambr\u00e9 ou opaque pour prot\u00e9ger le contenu des rayons UV.<\/li>\n\n\n\n<li><strong>Conserver dans un endroit frais et sombre<\/strong> : Un placard ou un tiroir loin de toute source de chaleur est id\u00e9al. \u00c9vitez de laisser les flacons d&#8217;huile de CBD \u00e0 la lumi\u00e8re directe du soleil ou pr\u00e8s d&#8217;appareils produisant de la chaleur.<\/li>\n\n\n\n<li><strong>Fermer herm\u00e9tiquement<\/strong> : Assurez-vous que le flacon est bien ferm\u00e9 apr\u00e8s chaque utilisation pour emp\u00eacher l&#8217;air et l&#8217;humidit\u00e9 de d\u00e9grader l&#8217;huile.<\/li>\n<\/ul>\n\n\n\n<h3 class=\"wp-block-heading\">Dur\u00e9e de Conservation<\/h3>\n\n\n\n<ul class=\"wp-block-list\">\n<li><strong>Huile de CBD<\/strong> : Si elle est bien conserv\u00e9e, l&#8217;huile de CBD peut durer jusqu&#8217;\u00e0 deux ans. Cependant, pour garantir la meilleure qualit\u00e9 et efficacit\u00e9, il est recommand\u00e9 de l&#8217;utiliser dans les 6 \u00e0 12 mois apr\u00e8s ouverture.<\/li>\n<\/ul>\n\n\n\n<p><strong>Conclusion<\/strong><\/p>\n\n\n\n<p>La conservation correcte du CBD est essentielle pour maintenir la qualit\u00e9 et la puissance de vos produits. Pour les fleurs et r\u00e9sines, privil\u00e9giez les sachets opaques de type Doypack et stockez les bocaux dans un placard \u00e0 l&#8217;abri de la lumi\u00e8re et de l&#8217;humidit\u00e9 si vous vendez en vrac. L&#8217;huile de CBD, quant \u00e0 elle, doit \u00eatre conserv\u00e9e dans des flacons opaques et \u00e0 l&#8217;abri de la chaleur et de la lumi\u00e8re directe. En respectant ces recommandations, vous pouvez prolonger la dur\u00e9e de conservation de vos produits de CBD et garantir leur efficacit\u00e9.<\/p>\n","protected":false},"excerpt":{"rendered":"<p>La conservation du CBD sous ses diff\u00e9rentes formes: fleurs, r\u00e9sine ou huile est essentielle pour maintenir la qualit\u00e9, la puissance et la saveur des produits. Une bonne conservation permet \u00e9galement de prolonger la dur\u00e9e de vie du CBD, \u00e9vitant ainsi le gaspillage. Voici quelques conseils pratiques pour bien conserver vos produits \u00e0 base de CBD. [&hellip;]<\/p>\n","protected":false},"author":1,"featured_media":0,"parent":0,"menu_order":0,"comment_status":"closed","ping_status":"closed","template":"","meta":{"footnotes":""},"class_list":["post-274","page","type-page","status-publish","hentry","entry","owp-thumbs-layout-horizontal","owp-btn-normal","owp-tabs-layout-horizontal","has-no-thumbnails","has-product-nav"],"aioseo_notices":[],"jetpack_sharing_enabled":true,"_links":{"self":[{"href":"https:\/\/cbdcentralepro.fr\/index.php\/wp-json\/wp\/v2\/pages\/274","targetHints":{"allow":["GET"]}}],"collection":[{"href":"https:\/\/cbdcentralepro.fr\/index.php\/wp-json\/wp\/v2\/pages"}],"about":[{"href":"https:\/\/cbdcentralepro.fr\/index.php\/wp-json\/wp\/v2\/types\/page"}],"author":[{"embeddable":true,"href":"https:\/\/cbdcentralepro.fr\/index.php\/wp-json\/wp\/v2\/users\/1"}],"replies":[{"embeddable":true,"href":"https:\/\/cbdcentralepro.fr\/index.php\/wp-json\/wp\/v2\/comments?post=274"}],"version-history":[{"count":6,"href":"https:\/\/cbdcentralepro.fr\/index.php\/wp-json\/wp\/v2\/pages\/274\/revisions"}],"predecessor-version":[{"id":281,"href":"https:\/\/cbdcentralepro.fr\/index.php\/wp-json\/wp\/v2\/pages\/274\/revisions\/281"}],"wp:attachment":[{"href":"https:\/\/cbdcentralepro.fr\/index.php\/wp-json\/wp\/v2\/media?parent=274"}],"curies":[{"name":"wp","href":"https:\/\/api.w.org\/{rel}","templated":true}]}}